{"id":29272,"date":"2024-03-06T18:18:17","date_gmt":"2024-03-06T17:18:17","guid":{"rendered":"https:\/\/quadbiketours.atn-solutions.ch\/booking\/"},"modified":"2024-03-07T16:56:32","modified_gmt":"2024-03-07T15:56:32","slug":"booking","status":"publish","type":"page","link":"https:\/\/quadbiketours.atn-solutions.ch\/en\/booking\/","title":{"rendered":"Reservations"},"content":{"rendered":"\n\n  <div class=\"banner has-hover\" id=\"banner-232305500\">\n          <div class=\"banner-inner fill\">\n        <div class=\"banner-bg fill\" >\n            <div class=\"bg fill bg-fill \"><\/div>\n                                    \n                    <\/div>\n\t\t\n\t<div class=\"ux-shape-divider ux-shape-divider--bottom ux-shape-divider--style-waves-opacity\">\n\t\t<svg viewBox=\"0 0 1000 300\" xmlns=\"http:\/\/www.w3.org\/2000\/svg\" preserveAspectRatio=\"none\">\n    <path class=\"ux-shape-fill\" d=\"M0 300L-1 69.71C216 57 299.47 198.86 403 226C506 253 577 196 660 197C740 198 790.09 234.07 874 267C935.23 291 982 282.61 1000 277.61V300H0Z\"\/>\n    <path class=\"ux-shape-fill\" opacity=\"0.5\" d=\"M1 265.094L0 50.5C217 37.79 300.47 186.36 404 213.5C507 240.5 578 196.5 661 197.5C741 198.5 787.59 239.57 871.5 272.5C932.73 296.5 980.5 284.5 998.5 279.5V298.5L1 265.094Z\"\/>\n    <path class=\"ux-shape-fill\" opacity=\"0.15\" d=\"M0.999878 244.094L-0.00012207 27C217 14.29 300.47 173.86 404 201C507 228 578 196 661 197C741 198 787.59 243.07 871.5 276C932.73 300 980.5 284.5 998.5 279.5V299L0.999878 244.094Z\"\/>\n<\/svg>\n\n\t<\/div>\n        <div class=\"banner-layers container\">\n            <div class=\"fill banner-link\"><\/div>            \n\n   <div id=\"text-box-1432308110\" class=\"text-box banner-layer x5 md-x5 lg-x5 y95 md-y95 lg-y95 res-text\">\n                                <div class=\"text-box-content text dark\">\n              \n              <div class=\"text-inner text-center\">\n                  \n\n\t<div id=\"text-2322919862\" class=\"text\">\n\t\t\n\n<h3 class=\"uppercase\"><strong>Awaken the inner adventurer in you<\/strong><\/h3>\n\t\t\n<style>\n#text-2322919862 {\n  font-size: 0.85rem;\n  text-align: left;\n}\n@media (min-width:550px) {\n  #text-2322919862 {\n    font-size: 0.9rem;\n  }\n}\n<\/style>\n\t<\/div>\n\t\n\n              <\/div>\n           <\/div>\n                            \n<style>\n#text-box-1432308110 {\n  width: 60%;\n}\n#text-box-1432308110 .text-box-content {\n  font-size: 100%;\n}\n@media (min-width:550px) {\n  #text-box-1432308110 {\n    width: 25%;\n  }\n}\n<\/style>\n    <\/div>\n \n\n        <\/div>\n      <\/div>\n\n            \n<style>\n#banner-232305500 {\n  padding-top: 480px;\n}\n#banner-232305500 .bg.bg-loaded {\n  background-image: url(https:\/\/quadbiketours.atn-solutions.ch\/wp-content\/uploads\/2024\/03\/2.jpg);\n}\n#banner-232305500 .bg {\n  background-position: 28% 29%;\n}\n#banner-232305500 .ux-shape-divider--bottom svg {\n  height: 363px;\n  --divider-width: 100%;\n}\n#banner-232305500 .ux-shape-divider--bottom .ux-shape-fill {\n  fill: #568a32;\n}\n<\/style>\n  <\/div>\n\n\n\t<section class=\"section\" id=\"section_477571594\">\n\t\t<div class=\"bg section-bg fill bg-fill  bg-loaded\" >\n\n\t\t\t\n\t\t\t<div class=\"section-bg-overlay absolute fill\"><\/div>\n\t\t\t\n\t<div class=\"is-border\"\n\t\tstyle=\"border-width:1px 0px 1px 0px;\">\n\t<\/div>\n\n\t\t<\/div>\n\n\t\t\n\n\t\t<div class=\"section-content relative\">\n\t\t\t\n\n<div class=\"row row-large align-middle\"  id=\"row-1496542696\">\n\n\n\t<div id=\"col-337779115\" class=\"col medium-6 small-12 large-6\"  >\n\t\t\t\t<div class=\"col-inner\"  >\n\t\t\t\n\t\t\t\n\n\t<div class=\"img has-hover x md-x lg-x y md-y lg-y\" id=\"image_594988020\">\n\t\t\t\t\t\t\t\t<div class=\"img-inner box-shadow-2 dark\" >\n\t\t\t\t\t\t\t\t\t\n\t\t\t\t\t<\/div>\n\t\t\t\t\t\t\t\t\n<style>\n#image_594988020 {\n  width: 100%;\n}\n<\/style>\n\t<\/div>\n\t\n\n<div class=\"slider-wrapper relative\" id=\"slider-112907728\" >\n    <div class=\"slider slider-nav-circle slider-nav-large slider-nav-light slider-style-normal\"\n        data-flickity-options='{\n            \"cellAlign\": \"center\",\n            \"imagesLoaded\": true,\n            \"lazyLoad\": 1,\n            \"freeScroll\": false,\n            \"wrapAround\": true,\n            \"autoPlay\": 6000,\n            \"pauseAutoPlayOnHover\" : true,\n            \"prevNextButtons\": true,\n            \"contain\" : true,\n            \"adaptiveHeight\" : true,\n            \"dragThreshold\" : 10,\n            \"percentPosition\": true,\n            \"pageDots\": true,\n            \"rightToLeft\": false,\n            \"draggable\": true,\n            \"selectedAttraction\": 0.1,\n            \"parallax\" : 0,\n            \"friction\": 0.6        }'\n        >\n        \n\n\t<div class=\"img has-hover x md-x lg-x y md-y lg-y\" id=\"image_244187752\">\n\t\t\t\t\t\t<div data-animate=\"fadeInLeft\">\t\t<div class=\"img-inner image-cover box-shadow-3 dark\" style=\"padding-top:75%;\">\n\t\t\t<img loading=\"lazy\" decoding=\"async\" width=\"868\" height=\"1024\" src=\"https:\/\/quadbiketours.atn-solutions.ch\/wp-content\/uploads\/2024\/03\/400122106_18392691562001698_25939267755510182_n-868x1024.jpg\" class=\"attachment-large size-large\" alt=\"\" srcset=\"https:\/\/quadbiketours.atn-solutions.ch\/wp-content\/uploads\/2024\/03\/400122106_18392691562001698_25939267755510182_n-868x1024.jpg 868w, https:\/\/quadbiketours.atn-solutions.ch\/wp-content\/uploads\/2024\/03\/400122106_18392691562001698_25939267755510182_n-600x708.jpg 600w, https:\/\/quadbiketours.atn-solutions.ch\/wp-content\/uploads\/2024\/03\/400122106_18392691562001698_25939267755510182_n-254x300.jpg 254w, https:\/\/quadbiketours.atn-solutions.ch\/wp-content\/uploads\/2024\/03\/400122106_18392691562001698_25939267755510182_n-768x906.jpg 768w, https:\/\/quadbiketours.atn-solutions.ch\/wp-content\/uploads\/2024\/03\/400122106_18392691562001698_25939267755510182_n-1303x1536.jpg 1303w, https:\/\/quadbiketours.atn-solutions.ch\/wp-content\/uploads\/2024\/03\/400122106_18392691562001698_25939267755510182_n.jpg 1440w\" sizes=\"auto, (max-width: 868px) 100vw, 868px\" \/>\t\t\t\t\t\t\n\t\t\t\t\t<\/div>\n\t\t<\/div>\t\t\t\t\t\t\n<style>\n#image_244187752 {\n  width: 100%;\n}\n<\/style>\n\t<\/div>\n\t\n\n\n     <\/div>\n\n     <div class=\"loading-spin dark large centered\"><\/div>\n\n\t<\/div>\n\n\n\n\t\t<\/div>\n\t\t\t\t\t<\/div>\n\n\t\n\n\t<div id=\"col-1899191191\" class=\"col medium-6 small-12 large-6\"  >\n\t\t\t\t<div class=\"col-inner text-left\"  >\n\t\t\t\n\t\t\t\n\n<h2 class=\"uppercase\">Book your next adventure &#8211; where emotion meets exploration<\/h2>\n<p>Your next journey starts here! Book now and embark on an adventure where every turn reveals unexpected wonders and memories to last a lifetime. Take the trip of a lifetime<\/p>\n\n\t\t<\/div>\n\t\t\t\t\t<\/div>\n\n\t\n\n<\/div>\n<div class=\"row\"  id=\"row-1012944784\">\n\n\n\t<div id=\"col-1189443772\" class=\"col small-12 large-12\"  >\n\t\t\t\t<div class=\"col-inner\"  >\n\t\t\t\n\t\t\t\n\n<!--\nPlugin Name: Bookly \u2013 Responsive WordPress Appointment Booking and Scheduling Plugin\nPlugin URI: https:\/\/www.booking-wp-plugin.com\/?utm_source=bookly_admin&utm_medium=plugins_page&utm_campaign=plugins_page\nVersion: 23.1-->\n    <style type=\"text\/css\">\n        :root {\n            --bookly-main-color: #568a32 !important;\n        }\n        \/* Color *\/\n        .bookly-form .bookly-form-group > label,\n        .bookly-form .bookly-label-error,\n        .bookly-form .bookly-progress-tracker > .active,\n        .bookly-form .picker__nav--next,\n        .bookly-form .pickadate__nav--prev,\n        .bookly-form .picker__day:hover,\n        .bookly-form .picker__day--selected:hover,\n        .bookly-form .picker--opened .picker__day--selected,\n        .bookly-form .picker__button--clear,\n        .bookly-form .picker__button--today,\n        .bookly-form .bookly-columnizer .bookly-hour span.bookly-waiting-list {\n            color: #568a32 !important;\n        }\n\n        \/* Background *\/\n        .bookly-form .bookly-progress-tracker > .active .step,\n        .bookly-form .picker__frame,\n        .bookly-form .bookly-columnizer .bookly-hour:active .bookly-hour-icon span,\n        .bookly-form .bookly-btn,\n        .bookly-form .bookly-btn:active,\n        .bookly-form .bookly-btn:focus,\n        .bookly-form .bookly-btn:hover,\n        .bookly-form .bookly-btn-submit,\n        .bookly-form .bookly-round,\n        .bookly-form .bookly-square,\n        .bookly-form .bookly-pagination > li.active {\n            background-color: #568a32 !important;\n        }\n\n        .bookly-form .bookly-triangle {\n            border-bottom-color: #568a32 !important;\n        }\n\n        \/* Border *\/\n        .bookly-form input[type=\"text\"].bookly-error,\n        .bookly-form input[type=\"password\"].bookly-error,\n        .bookly-form select.bookly-error,\n        .bookly-form textarea.bookly-error,\n        .bookly-form .bookly-week-days.bookly-error,\n        .bookly-extra-step div.bookly-extras-thumb.bookly-extras-selected {\n            border: 2px solid #568a32 !important;\n        }\n\n        \/* Other *\/\n        .bookly-form .picker__header {\n            border-bottom: 1px solid #568a32 !important;\n        }\n\n        .bookly-form .picker__nav--next:before {\n            border-left: 6px solid #568a32 !important;\n        }\n\n        .bookly-form .picker__nav--prev:before {\n            border-right: 6px solid #568a32 !important;\n        }\n\n        .bookly-form .bookly-columnizer .bookly-day, .bookly-form .bookly-schedule-date {\n            background: #568a32 !important;\n            border: 1px solid #568a32 !important;\n        }\n\n        .bookly-form .bookly-pagination > li.active a {\n            border: 1px solid #568a32 !important;\n        }\n\n        .bookly-form .bookly-columnizer .bookly-hour:active {\n            border: 2px solid #568a32 !important;\n            color: #568a32 !important;\n        }\n\n        .bookly-form .bookly-columnizer .bookly-hour:active .bookly-hour-icon {\n            background: none;\n            border: 2px solid #568a32 !important;\n            color: #568a32 !important;\n            width: auto;\n            height: auto;\n            padding: 3px;\n            border-radius: 25px;\n            margin-right: 3px;\n        }\n\n        .bookly-form .bookly-columnizer .bookly-hour:active .bookly-hour-icon span {\n            background-color: #568a32 !important;\n            width: 8px;\n            height: 8px;\n            border-radius: 10px;\n            display: block;\n        }\n\n        @media (hover) {\n            .bookly-form .bookly-columnizer .bookly-hour:hover {\n                border: 2px solid #568a32 !important;\n                color: #568a32 !important;\n            }\n\n            .bookly-form .bookly-columnizer .bookly-hour:hover .bookly-hour-icon {\n                background: none;\n                border: 2px solid #568a32 !important;\n                color: #568a32 !important;\n            }\n\n            .bookly-form .bookly-columnizer .bookly-hour:hover .bookly-hour-icon span {\n                background-color: #568a32 !important;\n            }\n        }\n    <\/style>\n\n<div id=\"bookly-form-69e0675b1d1ee\" class=\"bookly-form\" data-form_id=\"69e0675b1d1ee\" aria-live=\"polite\">\n    <div style=\"text-align: center\"><img decoding=\"async\" src=\"https:\/\/quadbiketours.atn-solutions.ch\/wp-includes\/js\/tinymce\/skins\/lightgray\/img\/loader.gif\" alt=\"Loading...\"\/><\/div>\n<\/div>\n<script type=\"text\/javascript\">\n    (function (win, fn) {\n        var done = false, top = true,\n            doc = win.document,\n            root = doc.documentElement,\n            modern = doc.addEventListener,\n            add = modern ? 'addEventListener' : 'attachEvent',\n            rem = modern ? 'removeEventListener' : 'detachEvent',\n            pre = modern ? '' : 'on',\n            init = function(e) {\n                if (e.type == 'readystatechange') if (doc.readyState != 'complete') return;\n                (e.type == 'load' ? win : doc)[rem](pre + e.type, init, false);\n                if (!done) { done = true; fn.call(win, e.type || e); }\n            },\n            poll = function() {\n                try { root.doScroll('left'); } catch(e) { setTimeout(poll, 50); return; }\n                init('poll');\n            };\n        if (doc.readyState == 'complete') fn.call(win, 'lazy');\n        else {\n            if (!modern) if (root.doScroll) {\n                try { top = !win.frameElement; } catch(e) { }\n                if (top) poll();\n            }\n            doc[add](pre + 'DOMContentLoaded', init, false);\n            doc[add](pre + 'readystatechange', init, false);\n            win[add](pre + 'load', init, false);\n        }\n    })(window, function() {\n        window.bookly( {\"form_id\":\"69e0675b1d1ee\",\"status\":{\"booking\":\"new\"},\"skip_steps\":{\"service_part1\":0,\"service_part2\":0,\"extras\":1,\"time\":0,\"repeat\":1,\"cart\":1},\"errors\":{\"session_error\":\"Session error.\",\"form_id_error\":\"Form ID error.\",\"cart_item_not_available\":\"Le cr\\u00e9neau horaire s\\u00e9lectionn\\u00e9 n'est plus disponible. Merci d'en choisir un autre.\",\"pay_locally_not_available\":\"Pay locally is not available.\",\"invalid_gateway\":\"Invalid gateway.\",\"payment_error\":\"Error.\",\"incorrect_username_password\":\"Incorrect username or password.\"},\"form_attributes\":{\"hide_categories\":false,\"hide_services\":false,\"hide_staff_members\":true,\"show_number_of_persons\":false,\"hide_service_duration\":true,\"hide_locations\":true,\"hide_quantity\":true,\"hide_date\":false,\"hide_week_days\":false,\"hide_time_range\":false},\"use_client_time_zone\":0,\"firstDay\":1,\"date_format\":\"mmmm d, yyyy\",\"defaults\":{\"service_id\":0,\"staff_id\":0,\"location_id\":0,\"category_id\":0}} );\n    });\n<\/script>\n\n\t\t<\/div>\n\t\t\t\t\t<\/div>\n\n\t\n\n<\/div>\n\n\t\t<\/div>\n\n\t\t\n<style>\n#section_477571594 {\n  padding-top: 60px;\n  padding-bottom: 60px;\n  background-color: rgb(193, 193, 193);\n}\n#section_477571594 .section-bg-overlay {\n  background-color: rgba(255, 255, 255, 0.85);\n}\n<\/style>\n\t<\/section>\n\t\n\t<section class=\"section\" id=\"section_907059251\">\n\t\t<div class=\"bg section-bg fill bg-fill  bg-loaded\" >\n\n\t\t\t\n\t\t\t<div class=\"section-bg-overlay absolute fill\"><\/div>\n\t\t\t\n\n\t\t<\/div>\n\n\t\t\n\n\t\t<div class=\"section-content relative\">\n\t\t\t\n\n<div class=\"row row-large align-middle\"  id=\"row-455839196\">\n\n\n\t<div id=\"col-1786591765\" class=\"col small-12 large-12\"  >\n\t\t\t\t<div class=\"col-inner text-left\"  >\n\t\t\t\n\t\t\t\n\n<h2 class=\"uppercase\">D\u00e9couvrez notre s\u00e9lection d&#8217;excursions en quad<\/h2>\n<p>Chacune offrant une aventure unique. Du doux frisson des sentiers forestiers \u00e0 l&#8217;adr\u00e9naline des parcours montagneux, il y y a toujours une nouvelle fronti\u00e8re \u00e0 explorer<\/p>\n<div id=\"portfolio-1035769930\" class=\"portfolio-element-wrapper has-filtering\">\n  \n    <div class=\"row large-columns-4 medium-columns-3 small-columns-2 row-small slider row-slider slider-nav-reveal\"  data-flickity-options='{\"imagesLoaded\": true, \"groupCells\": \"100%\", \"dragThreshold\" : 5, \"cellAlign\": \"left\",\"wrapAround\": true,\"prevNextButtons\": true,\"percentPosition\": true,\"pageDots\": false, \"rightToLeft\": false, \"autoPlay\" : false}' >\n\n    <div class=\"col\" data-terms=\"[&quot;winter&quot;]\" >\n          <div class=\"col-inner\" >\n          <a href=\"https:\/\/quadbiketours.atn-solutions.ch\/en\/featured_item\/test\/\" class=\"plain \">\n          <div class=\"portfolio-box box has-hover box-overlay dark\">\n            <div class=\"box-image\" >\n                <div class=\"image-cover\" style=\"padding-top:100%;\">\n                <img loading=\"lazy\" decoding=\"async\" width=\"300\" height=\"169\" src=\"https:\/\/quadbiketours.atn-solutions.ch\/wp-content\/uploads\/2024\/03\/6-300x169.jpg\" class=\"attachment-medium size-medium\" alt=\"\" srcset=\"https:\/\/quadbiketours.atn-solutions.ch\/wp-content\/uploads\/2024\/03\/6-300x169.jpg 300w, https:\/\/quadbiketours.atn-solutions.ch\/wp-content\/uploads\/2024\/03\/6-1024x576.jpg 1024w, https:\/\/quadbiketours.atn-solutions.ch\/wp-content\/uploads\/2024\/03\/6-768x432.jpg 768w, https:\/\/quadbiketours.atn-solutions.ch\/wp-content\/uploads\/2024\/03\/6-1536x864.jpg 1536w, https:\/\/quadbiketours.atn-solutions.ch\/wp-content\/uploads\/2024\/03\/6-600x338.jpg 600w, https:\/\/quadbiketours.atn-solutions.ch\/wp-content\/uploads\/2024\/03\/6.jpg 1920w\" sizes=\"auto, (max-width: 300px) 100vw, 300px\" \/>                <div class=\"overlay\" style=\"background-color:1\"><\/div>                                <\/div>\n            <\/div>\n            <div class=\"box-text text-center\" >\n                  <div class=\"box-text-inner\">\n                      <h6 class=\"uppercase portfolio-box-title\">Winter excursion &#8220;Ice Treasure&#8221;<\/h6>\n                      <p class=\"uppercase portfolio-box-category is-xsmall op-6\">\n                        <span class=\"show-on-hover\">\n                         winter                        <\/span>\n                      <\/p>\n                  <\/div>\n            <\/div>\n           <\/div>\n           <\/a>\n           <\/div>\n           <\/div><div class=\"col\" data-terms=\"[&quot;summer&quot;]\" >\n          <div class=\"col-inner\" >\n          <a href=\"https:\/\/quadbiketours.atn-solutions.ch\/en\/featured_item\/excursion-a\/\" class=\"plain \">\n          <div class=\"portfolio-box box has-hover box-overlay dark\">\n            <div class=\"box-image\" >\n                <div class=\"image-cover\" style=\"padding-top:100%;\">\n                <img loading=\"lazy\" decoding=\"async\" width=\"254\" height=\"300\" src=\"https:\/\/quadbiketours.atn-solutions.ch\/wp-content\/uploads\/2024\/03\/400122106_18392691562001698_25939267755510182_n-254x300.jpg\" class=\"attachment-medium size-medium\" alt=\"\" srcset=\"https:\/\/quadbiketours.atn-solutions.ch\/wp-content\/uploads\/2024\/03\/400122106_18392691562001698_25939267755510182_n-254x300.jpg 254w, https:\/\/quadbiketours.atn-solutions.ch\/wp-content\/uploads\/2024\/03\/400122106_18392691562001698_25939267755510182_n-600x708.jpg 600w, https:\/\/quadbiketours.atn-solutions.ch\/wp-content\/uploads\/2024\/03\/400122106_18392691562001698_25939267755510182_n-868x1024.jpg 868w, https:\/\/quadbiketours.atn-solutions.ch\/wp-content\/uploads\/2024\/03\/400122106_18392691562001698_25939267755510182_n-768x906.jpg 768w, https:\/\/quadbiketours.atn-solutions.ch\/wp-content\/uploads\/2024\/03\/400122106_18392691562001698_25939267755510182_n-1303x1536.jpg 1303w, https:\/\/quadbiketours.atn-solutions.ch\/wp-content\/uploads\/2024\/03\/400122106_18392691562001698_25939267755510182_n.jpg 1440w\" sizes=\"auto, (max-width: 254px) 100vw, 254px\" \/>                <div class=\"overlay\" style=\"background-color:1\"><\/div>                                <\/div>\n            <\/div>\n            <div class=\"box-text text-center\" >\n                  <div class=\"box-text-inner\">\n                      <h6 class=\"uppercase portfolio-box-title\">Excursion &#8220;Forest Trails&#8221;<\/h6>\n                      <p class=\"uppercase portfolio-box-category is-xsmall op-6\">\n                        <span class=\"show-on-hover\">\n                         summer                        <\/span>\n                      <\/p>\n                  <\/div>\n            <\/div>\n           <\/div>\n           <\/a>\n           <\/div>\n           <\/div><\/div><\/div>\n\n\n\t\t<\/div>\n\t\t\t\t\t<\/div>\n\n\t\n\n\t<div id=\"col-1782787593\" class=\"col medium-1 small-12 large-1\"  >\n\t\t\t\t<div class=\"col-inner\"  >\n\t\t\t\n\t\t\t\n\n\t<div class=\"img has-hover x md-x lg-x y md-y lg-y\" id=\"image_393352052\">\n\t\t\t\t\t\t\t\t<div class=\"img-inner box-shadow-2 dark\" >\n\t\t\t\t\t\t\t\t\t\n\t\t\t\t\t<\/div>\n\t\t\t\t\t\t\t\t\n<style>\n#image_393352052 {\n  width: 100%;\n}\n<\/style>\n\t<\/div>\n\t\n\n\n\t\t<\/div>\n\t\t\t\t\t<\/div>\n\n\t\n\n<\/div>\n\n\t\t<\/div>\n\n\t\t\n<style>\n#section_907059251 {\n  padding-top: 60px;\n  padding-bottom: 60px;\n  background-color: rgb(255, 255, 255);\n}\n#section_907059251 .section-bg-overlay {\n  background-color: rgba(255, 255, 255, 0.85);\n}\n<\/style>\n\t<\/section>\n\t\n<div class=\"message-box relative dark\" style=\"padding-top:36px;padding-bottom:36px;\"><div class=\"message-box-bg-image bg-fill fill\" ><\/div><div class=\"message-box-bg-overlay bg-fill fill\" style=\"background-color:rgb(86, 138, 50);\"><\/div><div class=\"container relative\"><div class=\"inner last-reset\">\n\n<div class=\"row align-middle\"  id=\"row-1146904259\">\n\n\n\t<div id=\"col-1134090410\" class=\"col medium-7 small-12 large-7\"  >\n\t\t\t\t<div class=\"col-inner\"  >\n\t\t\t\n\t\t\t\n\n<h2 class=\"uppercase\">BEGIN YOUR ADVENTURE TO ESCAPE<\/h2>\n<p>Contact us today to find out how our ATV tours can enhance your outdoor vacation. A passionate team is ready to guide you through exciting adventures and moments of pure freedom.<\/p>\n\t<div id=\"gap-1658039897\" class=\"gap-element clearfix show-for-small\" style=\"display:block; height:auto;\">\n\t\t\n<style>\n#gap-1658039897 {\n  padding-top: 30px;\n}\n<\/style>\n\t<\/div>\n\t\n\n\n\t\t<\/div>\n\t\t\t\t\t<\/div>\n\n\t\n\n\t<div id=\"col-2084235711\" class=\"col medium-5 small-12 large-5\"  >\n\t\t\t\t<div class=\"col-inner text-right\"  >\n\t\t\t\n\t\t\t\n\n<a data-animate=\"flipInY\" href=\"https:\/\/quad-bike-tours.com\/en\/contact\/\" class=\"button white is-outline is-larger\" target=\"_blank\" rel=\"noopener\">\n    <span>Contact us<\/span>\n  <\/a>\n\n\n\n\t\t<\/div>\n\t\t\t\t\t<\/div>\n\n\t\n\n<\/div>\n\n<\/div><\/div><\/div>\n\n\t<section class=\"section dark\" id=\"section_731638058\">\n\t\t<div class=\"bg section-bg fill bg-fill  bg-loaded\" >\n\n\t\t\t\n\t\t\t\n\t\t\t\n\n\t\t<\/div>\n\n\t\t\n\n\t\t<div class=\"section-content relative\">\n\t\t\t\n\n\t<div id=\"gap-1989097307\" class=\"gap-element clearfix\" style=\"display:block; height:auto;\">\n\t\t\n<style>\n#gap-1989097307 {\n  padding-top: 30px;\n}\n<\/style>\n\t<\/div>\n\t\n\n<div class=\"row\"  id=\"row-380649573\">\n\n\n\t<div id=\"col-1228257054\" class=\"col medium-5 small-12 large-5\"  >\n\t\t\t\t<div class=\"col-inner\"  >\n\t\t\t\n\t\t\t\n\n<h2>Let's open new paths together!<\/h2>\n<p>Our innovations in the ATV world are inspired by a love of adventure, making every outing unforgettable. With our experience, every trip becomes a discovery. Onward to adventure together!<\/p>\n\n\t\t<\/div>\n\t\t\t\t\t<\/div>\n\n\t\n\n\t<div id=\"col-1900974108\" class=\"col medium-3 small-12 large-3\"  >\n\t\t\t\t<div class=\"col-inner\"  >\n\t\t\t\n\t\t\t\n\n\t<div class=\"ux-menu stack stack-col justify-start ux-menu--divider-solid\">\n\t\t\n\n\t<div class=\"ux-menu-title flex\">\n\t\tLabels\t<\/div>\n\t\n\n\t<div class=\"ux-menu-link flex menu-item\">\n\t\t<a class=\"ux-menu-link__link flex\" href=\"https:\/\/quadbiketours.atn-solutions.ch\/quads\/\">\n\t\t\t\t\t\t<span class=\"ux-menu-link__text\">\n\t\t\t\tAbout us\t\t\t<\/span>\n\t\t<\/a>\n\t<\/div>\n\t\n\n\t<div class=\"ux-menu-link flex menu-item\">\n\t\t<a class=\"ux-menu-link__link flex\" href=\"https:\/\/quadbiketours.atn-solutions.ch\/%d1%8d%d0%ba%d1%81%d0%ba%d1%83%d1%80%d1%81%d0%b8%d0%b8\/\">\n\t\t\t\t\t\t<span class=\"ux-menu-link__text\">\n\t\t\t\tExcursions\t\t\t<\/span>\n\t\t<\/a>\n\t<\/div>\n\t\n\n\t<div class=\"ux-menu-link flex menu-item\">\n\t\t<a class=\"ux-menu-link__link flex\" href=\"https:\/\/quadbiketours.atn-solutions.ch\/%d0%b1%d1%80%d0%be%d0%bd%d0%b8%d1%80%d0%be%d0%b2%d0%b0%d0%bd%d0%b8%d0%b5\/\">\n\t\t\t\t\t\t<span class=\"ux-menu-link__text\">\n\t\t\t\tReservations\t\t\t<\/span>\n\t\t<\/a>\n\t<\/div>\n\t\n\n\t<div class=\"ux-menu-link flex menu-item\">\n\t\t<a class=\"ux-menu-link__link flex\" href=\"https:\/\/quadbiketours.atn-solutions.ch\/%d0%b1%d0%bb%d0%be%d0%b3\/\">\n\t\t\t\t\t\t<span class=\"ux-menu-link__text\">\n\t\t\t\tBlog\t\t\t<\/span>\n\t\t<\/a>\n\t<\/div>\n\t\n\n\n\t<\/div>\n\t\n\n\t\t<\/div>\n\t\t\t\t\t<\/div>\n\n\t\n\n\t<div id=\"col-2008004561\" class=\"col medium-4 small-12 large-4\"  >\n\t\t\t\t<div class=\"col-inner\"  >\n\t\t\t\n\t\t\t\n\n\t<div class=\"ux-menu stack stack-col justify-start ux-menu--divider-solid\">\n\t\t\n\n\t<div class=\"ux-menu-title flex\">\n\t\tOur contact details\t<\/div>\n\t\n\n\t<div class=\"ux-menu-link flex menu-item\">\n\t\t<a class=\"ux-menu-link__link flex\" href=\"https:\/\/quadbiketours.atn-solutions.ch\">\n\t\t\t\t\t\t<span class=\"ux-menu-link__text\">\n\t\t\t\tQuad Bike Tours\t\t\t<\/span>\n\t\t<\/a>\n\t<\/div>\n\t\n\n\t<div class=\"ux-menu-link flex menu-item\">\n\t\t<a class=\"ux-menu-link__link flex\" href=\"https:\/\/quadbiketours.atn-solutions.ch\">\n\t\t\t\t\t\t<span class=\"ux-menu-link__text\">\n\t\t\t\tVarna, Bulgaria\t\t\t<\/span>\n\t\t<\/a>\n\t<\/div>\n\t\n\n\n\t<\/div>\n\t\n<div class=\"social-icons follow-icons\" ><a href=\"https:\/\/www.instagram.com\/quadbiketours\/\" target=\"_blank\" data-label=\"Instagram\" class=\"icon button circle is-outline instagram tooltip\" title=\"Follow on Instagram\" aria-label=\"Follow on Instagram\" rel=\"noopener nofollow\"><i class=\"icon-instagram\" ><\/i><\/a><a href=\"mailto:quadbiketoursq@gmail.com\" data-label=\"E-mail\" target=\"_blank\" class=\"icon button circle is-outline email tooltip\" title=\"Send us an email\" aria-label=\"Send us an email\" rel=\"nofollow noopener\" ><i class=\"icon-envelop\" ><\/i><\/a><a href=\"tel:+359877719507\" data-label=\"Phone\" target=\"_blank\" class=\"icon button circle is-outline phone tooltip\" title=\"Call us\" aria-label=\"Call us\" rel=\"nofollow noopener\" ><i class=\"icon-phone\" ><\/i><\/a><a href=\"https:\/\/www.tripadvisor.com\/Attraction_Review-g295392-d25552331-Reviews-Quad_Bike_Tours-Varna_Varna_Province.html\" data-label=\"Discord\" target=\"_blank\" class=\"icon button circle is-outline discord tooltip\" title=\"Follow on Discord\" aria-label=\"Follow on Discord\" rel=\"noopener nofollow\"><i class=\"icon-discord\" ><\/i><\/a><\/div>\n\n\n\t\t<\/div>\n\t\t\t\t\t<\/div>\n\n\t\n\n<\/div>\n\n\t\t<\/div>\n\n\t\t\n<style>\n#section_731638058 {\n  padding-top: 30px;\n  padding-bottom: 30px;\n  background-color: rgb(33, 37, 41);\n}\n<\/style>\n\t<\/section>\n\t\n\n\n","protected":false},"excerpt":{"rendered":"","protected":false},"author":1,"featured_media":0,"parent":0,"menu_order":0,"comment_status":"closed","ping_status":"closed","template":"page-blank.php","meta":{"footnotes":""},"class_list":["post-29272","page","type-page","status-publish","hentry"],"_links":{"self":[{"href":"https:\/\/quadbiketours.atn-solutions.ch\/en\/wp-json\/wp\/v2\/pages\/29272","targetHints":{"allow":["GET"]}}],"collection":[{"href":"https:\/\/quadbiketours.atn-solutions.ch\/en\/wp-json\/wp\/v2\/pages"}],"about":[{"href":"https:\/\/quadbiketours.atn-solutions.ch\/en\/wp-json\/wp\/v2\/types\/page"}],"author":[{"embeddable":true,"href":"https:\/\/quadbiketours.atn-solutions.ch\/en\/wp-json\/wp\/v2\/users\/1"}],"replies":[{"embeddable":true,"href":"https:\/\/quadbiketours.atn-solutions.ch\/en\/wp-json\/wp\/v2\/comments?post=29272"}],"version-history":[{"count":11,"href":"https:\/\/quadbiketours.atn-solutions.ch\/en\/wp-json\/wp\/v2\/pages\/29272\/revisions"}],"predecessor-version":[{"id":29809,"href":"https:\/\/quadbiketours.atn-solutions.ch\/en\/wp-json\/wp\/v2\/pages\/29272\/revisions\/29809"}],"wp:attachment":[{"href":"https:\/\/quadbiketours.atn-solutions.ch\/en\/wp-json\/wp\/v2\/media?parent=29272"}],"curies":[{"name":"wp","href":"https:\/\/api.w.org\/{rel}","templated":true}]}}